{"id":112,"date":"2017-07-12T08:50:30","date_gmt":"2017-07-12T08:50:30","guid":{"rendered":"https:\/\/industrialfoams.usernet.hu\/fooldal\/"},"modified":"2024-08-09T13:38:24","modified_gmt":"2024-08-09T13:38:24","slug":"fooldal","status":"publish","type":"page","link":"https:\/\/industrialfoams.trocellen.com\/hu\/","title":{"rendered":"Ipari habok"},"content":{"rendered":"\n<p>Szak\u00e9rtelm\u00fcnk a t\u00e9rh\u00e1l\u00f3s\u00edtott polietil\u00e9n hablemezek \u00e9s habblokkok gy\u00e1rt\u00e1s\u00e1ban rejlik.<\/p>\n\n\n\n<p>40 \u00e9vnyi tapasztalat \u00e9s szem\u00e9lyre szabott megold\u00e1saink r\u00e9v\u00e9n biztos\u00edtjuk \u00fcgyfeleink sz\u00e1m\u00e1ra a hat\u00e9kony, pr\u00e9mium min\u0151s\u00e9g\u0171 megold\u00e1sokat.<\/p>\n\n\n\n<p>Ezen a m\u00f3don j\u00e1rulunk hozz\u00e1 ahhoz, hogy \u00fczleti folyamataik hat\u00e9konyabbak legyenek, n\u00f6velve ezzel versenyk\u00e9pess\u00e9g\u00fcket \u00e9s eredm\u00e9nyess\u00e9g\u00fcket a dinamikus piaci k\u00f6rnyezetben.<\/p>\n\n\n\n<p><strong>V\u00e1ltozatos megold\u00e1sok \u2013 azonos alapelvek<\/strong><\/p>\n\n\n\n<p><strong>\u2022<\/strong> <strong>Pr\u00e9mium min\u0151s\u00e9g:<\/strong> Habmegold\u00e1saink a kiv\u00e1l\u00f3s\u00e1got testes\u00edtik meg, biztos\u00edtva, hogy \u00fcgyfeleink els\u0151rang\u00fa szolg\u00e1ltat\u00e1st \u00e9s term\u00e9keket kapjanak<\/p>\n\n\n\n<p><strong>\u2022<\/strong> <strong>T\u00f6bbc\u00e9l\u00fa alkalmaz\u00e1s:<\/strong> Megold\u00e1saink rendk\u00edv\u00fcl sokoldal\u00faak \u00e9s k\u00f6nnyen alkalmazkodnak a k\u00fcl\u00f6nb\u00f6z\u0151 ipar\u00e1gak sz\u00e9lesk\u00f6r\u0171 ig\u00e9nyeihez<\/p>\n\n\n\n<p><strong><strong>\u2022<\/strong><\/strong> <strong>Stabil teljes\u00edtm\u00e9ny \u00e9s egyszer\u0171s\u00e9g: <\/strong>Nagy figyelmet ford\u00edtunk arra, hogy habalap\u00fa megold\u00e1saink \u00e1lland\u00f3an megb\u00edzhat\u00f3 teljes\u00edtm\u00e9nyt \u00e9s felhaszn\u00e1l\u00f3bar\u00e1t \u00e9lm\u00e9nyt biztos\u00edtsanak, ezzel stabiliz\u00e1lva a teljes\u00edtm\u00e9nyt \u00e9s egyszer\u0171s\u00edtve a haszn\u00e1latot<\/p>\n\n\n\n<p><strong><strong>\u2022<\/strong><\/strong> <strong>Testre szabott megold\u00e1sok:<\/strong> B\u00fcszk\u00e9k vagyunk arra, hogy szem\u00e9lyre szabott habmegold\u00e1sokat k\u00e9sz\u00edt\u00fcnk, amelyek t\u00f6k\u00e9letesen illeszkednek \u00fcgyfeleink specifik\u00e1ci\u00f3ihoz<\/p>\n\n\n\n<p><strong>Alkalmazott feldolgoz\u00e1si technol\u00f3gi\u00e1k<\/strong><\/p>\n\n\n\n<ul class=\"wp-block-list\">\n<li>Lamin\u00e1l\u00e1s (f\u00f3li\u00e1k, text\u00edli\u00e1k, pap\u00edr, fa, h\u0151vel t\u00f6rt\u00e9n\u0151 lamin\u00e1l\u00e1ssal, egy\u00e9b anyagok ragaszt\u00f3val vagy ragaszt\u00f3szalagokkal).<\/li>\n\n\n\n<li>Pr\u00e9sel\u00e9s, h\u0151form\u00e1z\u00e1s<\/li>\n\n\n\n<li>Lyukaszt\u00e1s \u00e9s pr\u00e9gel\u00e9s<\/li>\n\n\n\n<li>Stancol\u00e1s<\/li>\n\n\n\n<li>CNC kont\u00farv\u00e1g\u00e1s, mar\u00e1s<\/li>\n<\/ul>\n\n\n\n<p><strong>Fenntarthat\u00f3s\u00e1g: A bolyg\u00f3nak tett \u00edg\u00e9ret\u00fcnk<\/strong><\/p>\n\n\n\n<p>A fenntarthat\u00f3s\u00e1g ir\u00e1nti elk\u00f6telezetts\u00e9g\u00fcnk megingathatatlan, amely kulcsfontoss\u00e1g\u00fa vez\u00e9relveken alapszik:<\/p>\n\n\n\n<ul class=\"wp-block-list\">\n<li><strong>K\u00f6rnyezetbar\u00e1t tervez\u00e9s<\/strong>: M\u00e1r a tervez\u00e9si szakaszt\u00f3l kezdve rendszeresen vizsg\u00e1ljuk \u00e9s fejlesztj\u00fck folyamatainkat annak \u00e9rdek\u00e9ben, hogy minimaliz\u00e1ljuk a CO2 kibocs\u00e1t\u00e1sunkat<\/li>\n\n\n\n<li><strong>Energiahat\u00e9konys\u00e1g<\/strong>: Termel\u00e9si folyamatainkat folyamatosan fejlesztj\u00fck, 100%-ban meg\u00fajul\u00f3 villamos energia felhaszn\u00e1l\u00e1s\u00e1val<\/li>\n\n\n\n<li><strong>A biztons\u00e1g az els\u0151:<\/strong> A fokozott \u00e9s folyamatos ellen\u0151rz\u00e9s biztos\u00edtja, hogy term\u00e9keink megfeleljenek a legmagasabb biztons\u00e1gi el\u0151\u00edr\u00e1soknak<\/li>\n\n\n\n<li><strong>A k\u00f6rforg\u00e1sos gazdas\u00e1g t\u00e1mogat\u00e1sa: <\/strong>T\u00e1mogatjuk a bio-alap\u00fa \u00e9s \u00fajrahasznos\u00edtott anyagok haszn\u00e1lat\u00e1t, \u00e9s a term\u00e9kek \u00fajra hasznos\u00edt\u00e1s\u00e1t, minimaliz\u00e1lva a hullad\u00e9kot \u00e9s az \u00f6kol\u00f3giai l\u00e1bnyomunkat<\/li>\n<\/ul>\n\n\n\n<p>Ha k\u00e9rd\u00e9se van, tov\u00e1bbi inform\u00e1ci\u00f3ra van sz\u00fcks\u00e9ge, vagy \u00e9rdeklik habmegold\u00e1saink &#8211; seg\u00edt\u00fcnk. Elk\u00f6telezett csapatunk sz\u00edvesen \u00e1ll az \u00d6n rendelkez\u00e9s\u00e9re k\u00e9rd\u00e9sei megv\u00e1laszol\u00e1s\u00e1ban. <\/p>\n","protected":false},"excerpt":{"rendered":"<p>Szak\u00e9rtelm\u00fcnk a t\u00e9rh\u00e1l\u00f3s\u00edtott polietil\u00e9n hablemezek \u00e9s habblokkok gy\u00e1rt\u00e1s\u00e1ban rejlik. 40 \u00e9vnyi tapasztalat \u00e9s szem\u00e9lyre szabott megold\u00e1saink r\u00e9v\u00e9n biztos\u00edtjuk \u00fcgyfeleink sz\u00e1m\u00e1ra a hat\u00e9kony, pr\u00e9mium min\u0151s\u00e9g\u0171 megold\u00e1sokat. Ezen a m\u00f3don j\u00e1rulunk hozz\u00e1 ahhoz, hogy \u00fczleti folyamataik hat\u00e9konyabbak legyenek, n\u00f6velve ezzel versenyk\u00e9pess\u00e9g\u00fcket \u00e9s eredm\u00e9nyess\u00e9g\u00fcket a dinamikus piaci k\u00f6rnyezetben. V\u00e1ltozatos megold\u00e1sok \u2013 azonos alapelvek \u2022 Pr\u00e9mium min\u0151s\u00e9g: Habmegold\u00e1saink a [&hellip;]<\/p>\n","protected":false},"author":1,"featured_media":0,"parent":0,"menu_order":0,"comment_status":"closed","ping_status":"closed","template":"templates\/home-new.php","meta":{"_acf_changed":false,"footnotes":""},"class_list":["post-112","page","type-page","status-publish","hentry"],"acf":[],"yoast_head":"<!-- This site is optimized with the Yoast SEO plugin v23.5 - https:\/\/yoast.com\/wordpress\/plugins\/seo\/ -->\n<title>Ipari habok - Industrial foam<\/title>\n<meta name=\"robots\" content=\"index, follow, max-snippet:-1, max-image-preview:large, max-video-preview:-1\" \/>\n<link rel=\"canonical\" href=\"https:\/\/industrialfoams.trocellen.com\/hu\/\" \/>\n<meta property=\"og:locale\" content=\"hu_HU\" \/>\n<meta property=\"og:type\" content=\"article\" \/>\n<meta property=\"og:title\" content=\"Ipari habok - Industrial foam\" \/>\n<meta property=\"og:description\" content=\"Szak\u00e9rtelm\u00fcnk a t\u00e9rh\u00e1l\u00f3s\u00edtott polietil\u00e9n hablemezek \u00e9s habblokkok gy\u00e1rt\u00e1s\u00e1ban rejlik. 40 \u00e9vnyi tapasztalat \u00e9s szem\u00e9lyre szabott megold\u00e1saink r\u00e9v\u00e9n biztos\u00edtjuk \u00fcgyfeleink sz\u00e1m\u00e1ra a hat\u00e9kony, pr\u00e9mium min\u0151s\u00e9g\u0171 megold\u00e1sokat. Ezen a m\u00f3don j\u00e1rulunk hozz\u00e1 ahhoz, hogy \u00fczleti folyamataik hat\u00e9konyabbak legyenek, n\u00f6velve ezzel versenyk\u00e9pess\u00e9g\u00fcket \u00e9s eredm\u00e9nyess\u00e9g\u00fcket a dinamikus piaci k\u00f6rnyezetben. V\u00e1ltozatos megold\u00e1sok \u2013 azonos alapelvek \u2022 Pr\u00e9mium min\u0151s\u00e9g: Habmegold\u00e1saink a [&hellip;]\" \/>\n<meta property=\"og:url\" content=\"https:\/\/industrialfoams.trocellen.com\/hu\/\" \/>\n<meta property=\"og:site_name\" content=\"Industrial foam\" \/>\n<meta property=\"article:modified_time\" content=\"2024-08-09T13:38:24+00:00\" \/>\n<meta name=\"twitter:card\" content=\"summary_large_image\" \/>\n<script type=\"application\/ld+json\" class=\"yoast-schema-graph\">{\"@context\":\"https:\/\/schema.org\",\"@graph\":[{\"@type\":\"WebPage\",\"@id\":\"https:\/\/industrialfoams.trocellen.com\/hu\/\",\"url\":\"https:\/\/industrialfoams.trocellen.com\/hu\/\",\"name\":\"Ipari habok - Industrial foam\",\"isPartOf\":{\"@id\":\"https:\/\/industrialfoams.trocellen.com\/#website\"},\"datePublished\":\"2017-07-12T08:50:30+00:00\",\"dateModified\":\"2024-08-09T13:38:24+00:00\",\"breadcrumb\":{\"@id\":\"https:\/\/industrialfoams.trocellen.com\/hu\/#breadcrumb\"},\"inLanguage\":\"hu\",\"potentialAction\":[{\"@type\":\"ReadAction\",\"target\":[\"https:\/\/industrialfoams.trocellen.com\/hu\/\"]}]},{\"@type\":\"BreadcrumbList\",\"@id\":\"https:\/\/industrialfoams.trocellen.com\/hu\/#breadcrumb\",\"itemListElement\":[{\"@type\":\"ListItem\",\"position\":1,\"name\":\"Home\",\"item\":\"https:\/\/industrialfoams.trocellen.com\/hu\/\"},{\"@type\":\"ListItem\",\"position\":2,\"name\":\"Ipari habok\"}]},{\"@type\":\"WebSite\",\"@id\":\"https:\/\/industrialfoams.trocellen.com\/#website\",\"url\":\"https:\/\/industrialfoams.trocellen.com\/\",\"name\":\"Industrial foam\",\"description\":\"\",\"potentialAction\":[{\"@type\":\"SearchAction\",\"target\":{\"@type\":\"EntryPoint\",\"urlTemplate\":\"https:\/\/industrialfoams.trocellen.com\/?s={search_term_string}\"},\"query-input\":{\"@type\":\"PropertyValueSpecification\",\"valueRequired\":true,\"valueName\":\"search_term_string\"}}],\"inLanguage\":\"hu\"}]}<\/script>\n<!-- \/ Yoast SEO plugin. -->","yoast_head_json":{"title":"Ipari habok - Industrial foam","robots":{"index":"index","follow":"follow","max-snippet":"max-snippet:-1","max-image-preview":"max-image-preview:large","max-video-preview":"max-video-preview:-1"},"canonical":"https:\/\/industrialfoams.trocellen.com\/hu\/","og_locale":"hu_HU","og_type":"article","og_title":"Ipari habok - Industrial foam","og_description":"Szak\u00e9rtelm\u00fcnk a t\u00e9rh\u00e1l\u00f3s\u00edtott polietil\u00e9n hablemezek \u00e9s habblokkok gy\u00e1rt\u00e1s\u00e1ban rejlik. 40 \u00e9vnyi tapasztalat \u00e9s szem\u00e9lyre szabott megold\u00e1saink r\u00e9v\u00e9n biztos\u00edtjuk \u00fcgyfeleink sz\u00e1m\u00e1ra a hat\u00e9kony, pr\u00e9mium min\u0151s\u00e9g\u0171 megold\u00e1sokat. Ezen a m\u00f3don j\u00e1rulunk hozz\u00e1 ahhoz, hogy \u00fczleti folyamataik hat\u00e9konyabbak legyenek, n\u00f6velve ezzel versenyk\u00e9pess\u00e9g\u00fcket \u00e9s eredm\u00e9nyess\u00e9g\u00fcket a dinamikus piaci k\u00f6rnyezetben. V\u00e1ltozatos megold\u00e1sok \u2013 azonos alapelvek \u2022 Pr\u00e9mium min\u0151s\u00e9g: Habmegold\u00e1saink a [&hellip;]","og_url":"https:\/\/industrialfoams.trocellen.com\/hu\/","og_site_name":"Industrial foam","article_modified_time":"2024-08-09T13:38:24+00:00","twitter_card":"summary_large_image","schema":{"@context":"https:\/\/schema.org","@graph":[{"@type":"WebPage","@id":"https:\/\/industrialfoams.trocellen.com\/hu\/","url":"https:\/\/industrialfoams.trocellen.com\/hu\/","name":"Ipari habok - Industrial foam","isPartOf":{"@id":"https:\/\/industrialfoams.trocellen.com\/#website"},"datePublished":"2017-07-12T08:50:30+00:00","dateModified":"2024-08-09T13:38:24+00:00","breadcrumb":{"@id":"https:\/\/industrialfoams.trocellen.com\/hu\/#breadcrumb"},"inLanguage":"hu","potentialAction":[{"@type":"ReadAction","target":["https:\/\/industrialfoams.trocellen.com\/hu\/"]}]},{"@type":"BreadcrumbList","@id":"https:\/\/industrialfoams.trocellen.com\/hu\/#breadcrumb","itemListElement":[{"@type":"ListItem","position":1,"name":"Home","item":"https:\/\/industrialfoams.trocellen.com\/hu\/"},{"@type":"ListItem","position":2,"name":"Ipari habok"}]},{"@type":"WebSite","@id":"https:\/\/industrialfoams.trocellen.com\/#website","url":"https:\/\/industrialfoams.trocellen.com\/","name":"Industrial foam","description":"","potentialAction":[{"@type":"SearchAction","target":{"@type":"EntryPoint","urlTemplate":"https:\/\/industrialfoams.trocellen.com\/?s={search_term_string}"},"query-input":{"@type":"PropertyValueSpecification","valueRequired":true,"valueName":"search_term_string"}}],"inLanguage":"hu"}]}},"_links":{"self":[{"href":"https:\/\/industrialfoams.trocellen.com\/hu\/wp-json\/wp\/v2\/pages\/112","targetHints":{"allow":["GET"]}}],"collection":[{"href":"https:\/\/industrialfoams.trocellen.com\/hu\/wp-json\/wp\/v2\/pages"}],"about":[{"href":"https:\/\/industrialfoams.trocellen.com\/hu\/wp-json\/wp\/v2\/types\/page"}],"author":[{"embeddable":true,"href":"https:\/\/industrialfoams.trocellen.com\/hu\/wp-json\/wp\/v2\/users\/1"}],"replies":[{"embeddable":true,"href":"https:\/\/industrialfoams.trocellen.com\/hu\/wp-json\/wp\/v2\/comments?post=112"}],"version-history":[{"count":2,"href":"https:\/\/industrialfoams.trocellen.com\/hu\/wp-json\/wp\/v2\/pages\/112\/revisions"}],"predecessor-version":[{"id":251,"href":"https:\/\/industrialfoams.trocellen.com\/hu\/wp-json\/wp\/v2\/pages\/112\/revisions\/251"}],"wp:attachment":[{"href":"https:\/\/industrialfoams.trocellen.com\/hu\/wp-json\/wp\/v2\/media?parent=112"}],"curies":[{"name":"wp","href":"https:\/\/api.w.org\/{rel}","templated":true}]}}